{"id":500,"date":"2025-05-07T19:19:25","date_gmt":"2025-05-07T17:19:25","guid":{"rendered":"https:\/\/climatchauff.fr\/?page_id=500"},"modified":"2026-03-02T08:43:03","modified_gmt":"2026-03-02T07:43:03","slug":"promo","status":"publish","type":"page","link":"https:\/\/climatchauff.fr\/index.php\/promo\/","title":{"rendered":"Promo"},"content":{"rendered":"\t\t<div data-elementor-type=\"wp-page\" data-elementor-id=\"500\" class=\"elementor elementor-500\">\n\t\t\t\t\t\t<section class=\"elementor-section elementor-top-section elementor-element elementor-element-2e1e89b elementor-section-stretched elementor-section-boxed elementor-section-height-default elementor-section-height-default\" data-id=\"2e1e89b\" data-element_type=\"section\" data-e-type=\"section\" data-settings=\"{&quot;stretch_section&quot;:&quot;section-stretched&quot;}\">\n\t\t\t\t\t\t<div class=\"elementor-container elementor-column-gap-default\">\n\t\t\t\t\t<div class=\"elementor-column elementor-col-50 elementor-top-column elementor-element elementor-element-0265f3e\" data-id=\"0265f3e\" data-element_type=\"column\" data-e-type=\"column\">\n\t\t\t<div class=\"elementor-widget-wrap elementor-element-populated\">\n\t\t\t\t\t\t<div class=\"elementor-element elementor-element-841dc13 elementor-widget elementor-widget-image\" data-id=\"841dc13\" data-element_type=\"widget\" data-e-type=\"widget\" data-widget_type=\"image.default\">\n\t\t\t\t<div class=\"elementor-widget-container\">\n\t\t\t\t\t\t\t\t\t\t\t\t\t\t\t<img fetchpriority=\"high\" decoding=\"async\" width=\"1280\" height=\"852\" src=\"https:\/\/climatchauff.fr\/wp-content\/uploads\/2025\/05\/bc505904-97fd-4469-97b2-609af1dbbe4f.jpg\" class=\"attachment-full size-full wp-image-503\" alt=\"\" srcset=\"https:\/\/climatchauff.fr\/wp-content\/uploads\/2025\/05\/bc505904-97fd-4469-97b2-609af1dbbe4f.jpg 1280w, https:\/\/climatchauff.fr\/wp-content\/uploads\/2025\/05\/bc505904-97fd-4469-97b2-609af1dbbe4f-300x200.jpg 300w, https:\/\/climatchauff.fr\/wp-content\/uploads\/2025\/05\/bc505904-97fd-4469-97b2-609af1dbbe4f-1024x682.jpg 1024w, https:\/\/climatchauff.fr\/wp-content\/uploads\/2025\/05\/bc505904-97fd-4469-97b2-609af1dbbe4f-768x511.jpg 768w\" sizes=\"(max-width: 1280px) 100vw, 1280px\" \/>\t\t\t\t\t\t\t\t\t\t\t\t\t\t\t<\/div>\n\t\t\t\t<\/div>\n\t\t\t\t<div class=\"elementor-element elementor-element-8a0ba77 elementor-widget elementor-widget-text-editor\" data-id=\"8a0ba77\" data-element_type=\"widget\" data-e-type=\"widget\" data-widget_type=\"text-editor.default\">\n\t\t\t\t<div class=\"elementor-widget-container\">\n\t\t\t\t\t\t\t\t\t<p><strong>Thermostats d\u2019ambiance<br><\/strong><\/p>\n<p>Confort, \u00e9conomie d&rsquo;\u00e9nergie, long\u00e9vit\u00e9 de la chaudi\u00e8re et ma\u00eetrise au degr\u00e9 pr\u00e8s. Soyez pr\u00e9cis en toute simplicit\u00e9 gr\u00e2ce \u00e0 cette r\u00e9gulation de chauffage, conceptualis\u00e9e en France et n\u00b01 mondial. NETATMO est programmable et r\u00e9glable \u00e0 distance depuis n&rsquo;importe quel mod\u00e8le de smartphone, tablette et ordinateur.<br>&nbsp;<strong><em>Fourniture, installation et d\u00e9placement<\/em><\/strong><strong>&nbsp; 310<\/strong><strong><em>\u20acTTC<\/em><\/strong>&nbsp;<\/p>\t\t\t\t\t\t\t\t<\/div>\n\t\t\t\t<\/div>\n\t\t\t\t<div class=\"elementor-element elementor-element-c96130b elementor-align-center elementor-widget elementor-widget-button\" data-id=\"c96130b\" data-element_type=\"widget\" data-e-type=\"widget\" data-widget_type=\"button.default\">\n\t\t\t\t<div class=\"elementor-widget-container\">\n\t\t\t\t\t\t\t\t\t<div class=\"elementor-button-wrapper\">\n\t\t\t\t\t<a class=\"elementor-button elementor-button-link elementor-size-sm\" href=\"https:\/\/climatchauff.fr\/index.php\/contactez-nous\/\">\n\t\t\t\t\t\t<span class=\"elementor-button-content-wrapper\">\n\t\t\t\t\t\t\t\t\t<span class=\"elementor-button-text\">Demander votre devis<\/span>\n\t\t\t\t\t<\/span>\n\t\t\t\t\t<\/a>\n\t\t\t\t<\/div>\n\t\t\t\t\t\t\t\t<\/div>\n\t\t\t\t<\/div>\n\t\t\t\t\t<\/div>\n\t\t<\/div>\n\t\t\t\t<div class=\"elementor-column elementor-col-50 elementor-top-column elementor-element elementor-element-e987a14\" data-id=\"e987a14\" data-element_type=\"column\" data-e-type=\"column\">\n\t\t\t<div class=\"elementor-widget-wrap elementor-element-populated\">\n\t\t\t\t\t\t<div class=\"elementor-element elementor-element-2c808a2 elementor-widget elementor-widget-image\" data-id=\"2c808a2\" data-element_type=\"widget\" data-e-type=\"widget\" data-widget_type=\"image.default\">\n\t\t\t\t<div class=\"elementor-widget-container\">\n\t\t\t\t\t\t\t\t\t\t\t\t\t\t\t<img decoding=\"async\" width=\"640\" height=\"327\" src=\"https:\/\/climatchauff.fr\/wp-content\/uploads\/2025\/05\/t.jpg\" class=\"attachment-1536x1536 size-1536x1536 wp-image-501\" alt=\"\" srcset=\"https:\/\/climatchauff.fr\/wp-content\/uploads\/2025\/05\/t.jpg 640w, https:\/\/climatchauff.fr\/wp-content\/uploads\/2025\/05\/t-300x153.jpg 300w\" sizes=\"(max-width: 640px) 100vw, 640px\" \/>\t\t\t\t\t\t\t\t\t\t\t\t\t\t\t<\/div>\n\t\t\t\t<\/div>\n\t\t\t\t<div class=\"elementor-element elementor-element-b1a5925 elementor-widget elementor-widget-text-editor\" data-id=\"b1a5925\" data-element_type=\"widget\" data-e-type=\"widget\" data-widget_type=\"text-editor.default\">\n\t\t\t\t<div class=\"elementor-widget-container\">\n\t\t\t\t\t\t\t\t\t<p><strong>D\u00e9sembouage<br><\/strong><\/p>\n<p>Consciencieusement r\u00e9alis\u00e9, il permet d&rsquo;\u00e9liminer les boues accumul\u00e9es dans les radiateurs pour une meilleure diffusion de chaleur et une chaudi\u00e8re r\u00e9gl\u00e9e moins fort.<\/p><p><br><strong>Tarif 399\u20ac HT 7 radiateur ou boucle max<\/strong><strong><em>&nbsp;<\/em><\/strong>&nbsp;(<strong><em>Hors produits)<\/em><\/strong><\/p>\t\t\t\t\t\t\t\t<\/div>\n\t\t\t\t<\/div>\n\t\t\t\t<div class=\"elementor-element elementor-element-61fd6ab elementor-align-center elementor-widget elementor-widget-button\" data-id=\"61fd6ab\" data-element_type=\"widget\" data-e-type=\"widget\" data-widget_type=\"button.default\">\n\t\t\t\t<div class=\"elementor-widget-container\">\n\t\t\t\t\t\t\t\t\t<div class=\"elementor-button-wrapper\">\n\t\t\t\t\t<a class=\"elementor-button elementor-button-link elementor-size-sm\" href=\"https:\/\/climatchauff.fr\/index.php\/contactez-nous\/\">\n\t\t\t\t\t\t<span class=\"elementor-button-content-wrapper\">\n\t\t\t\t\t\t\t\t\t<span class=\"elementor-button-text\">Demander votre devis<\/span>\n\t\t\t\t\t<\/span>\n\t\t\t\t\t<\/a>\n\t\t\t\t<\/div>\n\t\t\t\t\t\t\t\t<\/div>\n\t\t\t\t<\/div>\n\t\t\t\t\t<\/div>\n\t\t<\/div>\n\t\t\t\t\t<\/div>\n\t\t<\/section>\n\t\t\t\t<\/div>\n\t\t","protected":false},"excerpt":{"rendered":"<p>Thermostats d\u2019ambiance Confort, \u00e9conomie d&rsquo;\u00e9nergie, long\u00e9vit\u00e9 de la chaudi\u00e8re et ma\u00eetrise au degr\u00e9 pr\u00e8s. Soyez pr\u00e9cis en toute simplicit\u00e9 gr\u00e2ce \u00e0 cette r\u00e9gulation de chauffage, conceptualis\u00e9e en France et n\u00b01 mondial. NETATMO est programmable et r\u00e9glable \u00e0 distance depuis n&rsquo;importe quel mod\u00e8le de smartphone, tablette et ordinateur.&nbsp;Fourniture, installation et d\u00e9placement&nbsp; 310\u20acTTC&nbsp; Demander votre devis D\u00e9sembouage&#8230;<\/p>\n","protected":false},"author":1,"featured_media":0,"parent":0,"menu_order":0,"comment_status":"closed","ping_status":"closed","template":"fullwidth-page-template","meta":{"footnotes":""},"class_list":["post-500","page","type-page","status-publish","hentry"],"_links":{"self":[{"href":"https:\/\/climatchauff.fr\/index.php\/wp-json\/wp\/v2\/pages\/500","targetHints":{"allow":["GET"]}}],"collection":[{"href":"https:\/\/climatchauff.fr\/index.php\/wp-json\/wp\/v2\/pages"}],"about":[{"href":"https:\/\/climatchauff.fr\/index.php\/wp-json\/wp\/v2\/types\/page"}],"author":[{"embeddable":true,"href":"https:\/\/climatchauff.fr\/index.php\/wp-json\/wp\/v2\/users\/1"}],"replies":[{"embeddable":true,"href":"https:\/\/climatchauff.fr\/index.php\/wp-json\/wp\/v2\/comments?post=500"}],"version-history":[{"count":26,"href":"https:\/\/climatchauff.fr\/index.php\/wp-json\/wp\/v2\/pages\/500\/revisions"}],"predecessor-version":[{"id":565,"href":"https:\/\/climatchauff.fr\/index.php\/wp-json\/wp\/v2\/pages\/500\/revisions\/565"}],"wp:attachment":[{"href":"https:\/\/climatchauff.fr\/index.php\/wp-json\/wp\/v2\/media?parent=500"}],"curies":[{"name":"wp","href":"https:\/\/api.w.org\/{rel}","templated":true}]}}